{"id":759,"date":"2016-01-06T14:05:46","date_gmt":"2016-01-06T13:05:46","guid":{"rendered":"http:\/\/spamspam.net\/?page_id=759"},"modified":"2023-01-31T03:48:57","modified_gmt":"2023-01-31T02:48:57","slug":"la-bibliotheque","status":"publish","type":"page","link":"https:\/\/www.scops.casa\/en\/dans-le-ventre-de-scops\/la-bibliotheque\/","title":{"rendered":"The library"},"content":{"rendered":"<p><a href=\"https:\/\/www.scops.casa\/wp-content\/uploads\/2020\/01\/IMG_9438-e1578932666483.jpg\"><img loading=\"lazy\" decoding=\"async\" class=\"size-medium wp-image-2038 alignleft\" src=\"https:\/\/www.scops.casa\/wp-content\/uploads\/2020\/01\/IMG_9438-e1578932666483-200x300.jpg\" alt=\"\" width=\"200\" height=\"300\" srcset=\"https:\/\/www.scops.casa\/wp-content\/uploads\/2020\/01\/IMG_9438-e1578932666483-200x300.jpg 200w, https:\/\/www.scops.casa\/wp-content\/uploads\/2020\/01\/IMG_9438-e1578932666483-768x1153.jpg 768w, https:\/\/www.scops.casa\/wp-content\/uploads\/2020\/01\/IMG_9438-e1578932666483-682x1024.jpg 682w, https:\/\/www.scops.casa\/wp-content\/uploads\/2020\/01\/IMG_9438-e1578932666483-1320x1981.jpg 1320w, https:\/\/www.scops.casa\/wp-content\/uploads\/2020\/01\/IMG_9438-e1578932666483.jpg 1705w\" sizes=\"auto, (max-width: 200px) 100vw, 200px\" \/><\/a><\/p>\n<p><strong><span style=\"color: #800080;\">Swinger Library<\/span><br><\/strong>The books in our library can be consulted on site, exchanged for other books or sold to you at a free price, starting from 50 cents.<\/p>\n<p>&nbsp;<\/p>\n<p><span style=\"color: #800080;\"><em>One of the three book shelves in the room<\/em><\/span><\/p>\n\n\n<p><\/p>","protected":false},"excerpt":{"rendered":"<p>Biblioth\u00e8que \u00c9changisteLes livres de notre biblioth\u00e8que sont consultables sur place, \u00e9changeables contre d&rsquo;autres livres ou bien vous sont vendus \u00e0 [&hellip;]<\/p>\n","protected":false},"author":1,"featured_media":0,"parent":163,"menu_order":0,"comment_status":"closed","ping_status":"closed","template":"","meta":{"site-sidebar-layout":"default","site-content-layout":"","ast-site-content-layout":"","site-content-style":"default","site-sidebar-style":"default","ast-global-header-display":"","ast-banner-title-visibility":"","ast-main-header-display":"","ast-hfb-above-header-display":"","ast-hfb-below-header-display":"","ast-hfb-mobile-header-display":"","site-post-title":"","ast-breadcrumbs-content":"","ast-featured-img":"","footer-sml-layout":"","theme-transparent-header-meta":"","adv-header-id-meta":"","stick-header-meta":"","header-above-stick-meta":"","header-main-stick-meta":"","header-below-stick-meta":"","astra-migrate-meta-layouts":"default","ast-page-background-enabled":"default","ast-page-background-meta":{"desktop":{"background-color":"var(--ast-global-color-4)","background-image":"","background-repeat":"repeat","background-position":"center center","background-size":"auto","background-attachment":"scroll","background-type":"","background-media":"","overlay-type":"","overlay-color":"","overlay-opacity":"","overlay-gradient":""},"tablet":{"background-color":"","background-image":"","background-repeat":"repeat","background-position":"center center","background-size":"auto","background-attachment":"scroll","background-type":"","background-media":"","overlay-type":"","overlay-color":"","overlay-opacity":"","overlay-gradient":""},"mobile":{"background-color":"","background-image":"","background-repeat":"repeat","background-position":"center center","background-size":"auto","background-attachment":"scroll","background-type":"","background-media":"","overlay-type":"","overlay-color":"","overlay-opacity":"","overlay-gradient":""}},"ast-content-background-meta":{"desktop":{"background-color":"var(--ast-global-color-5)","background-image":"","background-repeat":"repeat","background-position":"center center","background-size":"auto","background-attachment":"scroll","background-type":"","background-media":"","overlay-type":"","overlay-color":"","overlay-opacity":"","overlay-gradient":""},"tablet":{"background-color":"var(--ast-global-color-5)","background-image":"","background-repeat":"repeat","background-position":"center center","background-size":"auto","background-attachment":"scroll","background-type":"","background-media":"","overlay-type":"","overlay-color":"","overlay-opacity":"","overlay-gradient":""},"mobile":{"background-color":"var(--ast-global-color-5)","background-image":"","background-repeat":"repeat","background-position":"center center","background-size":"auto","background-attachment":"scroll","background-type":"","background-media":"","overlay-type":"","overlay-color":"","overlay-opacity":"","overlay-gradient":""}},"ngg_post_thumbnail":0,"footnotes":""},"class_list":["post-759","page","type-page","status-publish","hentry"],"_links":{"self":[{"href":"https:\/\/www.scops.casa\/en\/wp-json\/wp\/v2\/pages\/759","targetHints":{"allow":["GET"]}}],"collection":[{"href":"https:\/\/www.scops.casa\/en\/wp-json\/wp\/v2\/pages"}],"about":[{"href":"https:\/\/www.scops.casa\/en\/wp-json\/wp\/v2\/types\/page"}],"author":[{"embeddable":true,"href":"https:\/\/www.scops.casa\/en\/wp-json\/wp\/v2\/users\/1"}],"replies":[{"embeddable":true,"href":"https:\/\/www.scops.casa\/en\/wp-json\/wp\/v2\/comments?post=759"}],"version-history":[{"count":8,"href":"https:\/\/www.scops.casa\/en\/wp-json\/wp\/v2\/pages\/759\/revisions"}],"predecessor-version":[{"id":2760,"href":"https:\/\/www.scops.casa\/en\/wp-json\/wp\/v2\/pages\/759\/revisions\/2760"}],"up":[{"embeddable":true,"href":"https:\/\/www.scops.casa\/en\/wp-json\/wp\/v2\/pages\/163"}],"wp:attachment":[{"href":"https:\/\/www.scops.casa\/en\/wp-json\/wp\/v2\/media?parent=759"}],"curies":[{"name":"wp","href":"https:\/\/api.w.org\/{rel}","templated":true}]}}