{"id":4716,"date":"2025-10-03T16:59:45","date_gmt":"2025-10-03T14:59:45","guid":{"rendered":"https:\/\/www.scops.casa\/?page_id=4716"},"modified":"2025-10-03T17:01:12","modified_gmt":"2025-10-03T15:01:12","slug":"tu-tes-senti%e2%8b%85e-mal-a-laise-ou-tu-as-vecu-une-agression-a-la-scops-ou-en-marge-de-la-scops","status":"publish","type":"page","link":"https:\/\/www.scops.casa\/en\/tu-tes-senti%e2%8b%85e-mal-a-laise-ou-tu-as-vecu-une-agression-a-la-scops-ou-en-marge-de-la-scops\/","title":{"rendered":"Have you felt uncomfortable or experienced an attack at or near the SCOPs?"},"content":{"rendered":"<h3 class=\"wp-block-heading\">You can talk about it either by slipping a word into this little black heart with a red dot or by emailing <a href=\"mailto:pascool@scops.casa\">pascool(at)scops.casa<\/a><\/h3>\n\n\n\n<div class=\"wp-block-columns is-layout-flex wp-container-core-columns-is-layout-28f84493 wp-block-columns-is-layout-flex\">\n<div class=\"wp-block-column is-vertically-aligned-center is-layout-flow wp-block-column-is-layout-flow\">\n<figure class=\"wp-block-image aligncenter size-large\"><a href=\"https:\/\/www.scops.casa\/wp-content\/uploads\/2025\/10\/boitepascool025-09-23-161833_002-1.jpeg\"><img loading=\"lazy\" decoding=\"async\" width=\"768\" height=\"1024\" src=\"https:\/\/www.scops.casa\/wp-content\/uploads\/2025\/10\/boitepascool025-09-23-161833_002-1-768x1024.jpeg\" alt=\"\" class=\"wp-image-4717\" srcset=\"https:\/\/www.scops.casa\/wp-content\/uploads\/2025\/10\/boitepascool025-09-23-161833_002-1-768x1024.jpeg 768w, https:\/\/www.scops.casa\/wp-content\/uploads\/2025\/10\/boitepascool025-09-23-161833_002-1-225x300.jpeg 225w, https:\/\/www.scops.casa\/wp-content\/uploads\/2025\/10\/boitepascool025-09-23-161833_002-1-1152x1536.jpeg 1152w, https:\/\/www.scops.casa\/wp-content\/uploads\/2025\/10\/boitepascool025-09-23-161833_002-1-9x12.jpeg 9w, https:\/\/www.scops.casa\/wp-content\/uploads\/2025\/10\/boitepascool025-09-23-161833_002-1-1320x1760.jpeg 1320w, https:\/\/www.scops.casa\/wp-content\/uploads\/2025\/10\/boitepascool025-09-23-161833_002-1.jpeg 1536w\" sizes=\"auto, (max-width: 768px) 100vw, 768px\" \/><\/a><\/figure>\n<\/div>\n\n\n\n<div class=\"wp-block-column is-layout-flow wp-block-column-is-layout-flow\">\n<p>You can remain anonymous if you wish, or leave a contact if you want to talk about it again. A team (never composed solely of cis guys) is responsible for picking up uncool messages. The rest of the Scops collective doesn&#039;t have access to them unless you want us to forward them to the collective so that support can be provided to you.<\/p>\n\n\n\n<p>There are a lot of people passing through the SCOPs, and some of our events create a context that is more conducive to uncool or even downright oppressive behavior (in the evening, alcohol, lots of people, etc.). You can also just leave your testimony without requesting support. We try to create a space where everyone feels as good as possible, and it helps us a lot to have your feedback.<\/p>\n\n\n\n<p>We live in a world filled with oppression, no place is immune, and it is very important for us to become aware of and fight against our blind spots, both at Scops and outside.<\/p>\n<\/div>\n<\/div>","protected":false},"excerpt":{"rendered":"<p>Tu peux en parler soit en glissant un mot dans ce petit c\u0153ur noir \u00e0 point rouge ou \u00e0 l&rsquo;adresse [&hellip;]<\/p>\n","protected":false},"author":1,"featured_media":0,"parent":0,"menu_order":0,"comment_status":"closed","ping_status":"closed","template":"","meta":{"site-sidebar-layout":"default","site-content-layout":"","ast-site-content-layout":"","site-content-style":"default","site-sidebar-style":"default","ast-global-header-display":"","ast-banner-title-visibility":"","ast-main-header-display":"","ast-hfb-above-header-display":"","ast-hfb-below-header-display":"","ast-hfb-mobile-header-display":"","site-post-title":"","ast-breadcrumbs-content":"","ast-featured-img":"","footer-sml-layout":"","theme-transparent-header-meta":"","adv-header-id-meta":"","stick-header-meta":"","header-above-stick-meta":"","header-main-stick-meta":"","header-below-stick-meta":"","astra-migrate-meta-layouts":"default","ast-page-background-enabled":"default","ast-page-background-meta":{"desktop":{"background-color":"var(--ast-global-color-4)","background-image":"","background-repeat":"repeat","background-position":"center center","background-size":"auto","background-attachment":"scroll","background-type":"","background-media":"","overlay-type":"","overlay-color":"","overlay-opacity":"","overlay-gradient":""},"tablet":{"background-color":"","background-image":"","background-repeat":"repeat","background-position":"center center","background-size":"auto","background-attachment":"scroll","background-type":"","background-media":"","overlay-type":"","overlay-color":"","overlay-opacity":"","overlay-gradient":""},"mobile":{"background-color":"","background-image":"","background-repeat":"repeat","background-position":"center center","background-size":"auto","background-attachment":"scroll","background-type":"","background-media":"","overlay-type":"","overlay-color":"","overlay-opacity":"","overlay-gradient":""}},"ast-content-background-meta":{"desktop":{"background-color":"var(--ast-global-color-5)","background-image":"","background-repeat":"repeat","background-position":"center center","background-size":"auto","background-attachment":"scroll","background-type":"","background-media":"","overlay-type":"","overlay-color":"","overlay-opacity":"","overlay-gradient":""},"tablet":{"background-color":"var(--ast-global-color-5)","background-image":"","background-repeat":"repeat","background-position":"center center","background-size":"auto","background-attachment":"scroll","background-type":"","background-media":"","overlay-type":"","overlay-color":"","overlay-opacity":"","overlay-gradient":""},"mobile":{"background-color":"var(--ast-global-color-5)","background-image":"","background-repeat":"repeat","background-position":"center center","background-size":"auto","background-attachment":"scroll","background-type":"","background-media":"","overlay-type":"","overlay-color":"","overlay-opacity":"","overlay-gradient":""}},"ngg_post_thumbnail":0,"footnotes":""},"class_list":["post-4716","page","type-page","status-publish","hentry"],"_links":{"self":[{"href":"https:\/\/www.scops.casa\/en\/wp-json\/wp\/v2\/pages\/4716","targetHints":{"allow":["GET"]}}],"collection":[{"href":"https:\/\/www.scops.casa\/en\/wp-json\/wp\/v2\/pages"}],"about":[{"href":"https:\/\/www.scops.casa\/en\/wp-json\/wp\/v2\/types\/page"}],"author":[{"embeddable":true,"href":"https:\/\/www.scops.casa\/en\/wp-json\/wp\/v2\/users\/1"}],"replies":[{"embeddable":true,"href":"https:\/\/www.scops.casa\/en\/wp-json\/wp\/v2\/comments?post=4716"}],"version-history":[{"count":4,"href":"https:\/\/www.scops.casa\/en\/wp-json\/wp\/v2\/pages\/4716\/revisions"}],"predecessor-version":[{"id":4722,"href":"https:\/\/www.scops.casa\/en\/wp-json\/wp\/v2\/pages\/4716\/revisions\/4722"}],"wp:attachment":[{"href":"https:\/\/www.scops.casa\/en\/wp-json\/wp\/v2\/media?parent=4716"}],"curies":[{"name":"wp","href":"https:\/\/api.w.org\/{rel}","templated":true}]}}