{"id":2692,"date":"2023-01-29T21:39:23","date_gmt":"2023-01-29T20:39:23","guid":{"rendered":"https:\/\/www.scops.casa\/?page_id=2692"},"modified":"2023-10-26T13:48:38","modified_gmt":"2023-10-26T11:48:38","slug":"comment-proposer-un-concert-spectacle","status":"publish","type":"page","link":"https:\/\/www.scops.casa\/en\/comment-proposer-un-concert-spectacle\/","title":{"rendered":"Organize: concert\/show"},"content":{"rendered":"<p style=\"text-align: center;\">\ud83c\udfb6 \ud83c\udfb9 \ud83c\udfba \ud83c\udfbc \ud83c\udfbb \ud83e\udd41 \ud83c\udfa4 \ud83e\ude9a&nbsp; \ud83c\udfb7&nbsp; \ud83e\ude97&nbsp; \ud83c\udfb8&nbsp; \ud83c\udfb5<\/p>\n<p><span style=\"color: #008000;\"><strong>SCOPS<\/strong><\/span> est un lieu associatif, autog\u00e9r\u00e9 et autofinanc\u00e9 que nous louons, o\u00f9 nous sommes tou-tes b\u00e9n\u00e9voles. Nos moyens sont modestes, nous essayons d&rsquo;ajuster au mieux la balance entre prix d&rsquo;entr\u00e9e abordable pour le public et r\u00e9mun\u00e9ration d\u00e9cente des artistes.<\/p>\n<p>De plus, pour <strong>les artistes<\/strong> nous pr\u00e9parons un repas, il y a quelques boissons gratuites et un h\u00e9bergement si besoin <span class=\"x1xsqp64 xiy17q3 x1o6pynw x19co3pv xdj266r xcwd3tp xat24cr x39eecv x2b8uid\" data-testid=\"emoji\" data-lexical-text=\"true\"><span class=\"xexx8yu xn5pp95 x18d9i69 x2fxd7x x1yqt14a x1bhl96m\">\ud83d\ude42<br \/>\n<\/span><\/span><strong>Pour le public<\/strong> nous vendons des boissons (et \u00e0 manger parfois) pour peu cher\/prix libre. En plus de l&rsquo;entr\u00e9e, l&rsquo;adh\u00e9sion est obligatoire (1\u20ac minimum, pour 1 an).<\/p>\n<p>Nous faisons <em>plut\u00f4t<\/em> des concerts en <strong>week-end<\/strong>, c\u2019est \u00e0 dire vendredi soir et samedi soir, pour qu&rsquo;il y ait plus de monde, et parce que le local est entour\u00e9 de voisin-es. C\u2019est aussi pour cette raison que les concerts doivent se terminer <strong>vers 22h30<\/strong>. Il peut y avoir plus de flexibilit\u00e9 pour les concerts qui jouent \u00e0 un petit volume sonore.<\/p>\n<p>La capacit\u00e9 d&rsquo;accueil de la salle o\u00f9 se d\u00e9roulent concert\/spectacle est d&rsquo;environ <strong>60<\/strong> personnes \ud83e\uddd1\u200d\ud83e\udd1d\u200d\ud83e\uddd1\ud83d\udc6f<\/p>\n<p>Nous avons un peu de <strong>matos son<\/strong>, tout en r\u00e9cup et DIY, qui fonctionne vu la taille de la salle, avec une vielle table de mixage et des micros. Ne conviendra ni aux puristes ni aux exigent.e.s ! On peut discuter de vos besoins avant votre arriv\u00e9e.<\/p>\n<p><strong>Pour que nous puissions nous organiser, envoyiez nous un mail \u00e0<br \/>\n<\/strong><strong>[ <span style=\"color: #008080;\">contact&nbsp; @scops.casa<\/span> ] en nous disant :<\/strong><\/p>\n<ul>\n<li>le nom du groupe et son style musical (approximativement)<\/li>\n<li>une courte description de ce que vous faites et un lien vers des morceaux<\/li>\n<li>les dates o\u00f9 vous \u00eates dispo<\/li>\n<li>si vous jouez des reprises&nbsp; ou des compositions et si elles sont d\u00e9pos\u00e9es ou non<\/li>\n<li>si vous avez besoin d&rsquo;h\u00e9bergement<\/li>\n<li>si vous n&rsquo;avez pas tout le mat\u00e9riel son avec vous<\/li>\n<li>si vous avez des restrictions alimentaires<\/li>\n<\/ul>\n<p style=\"text-align: center;\"><strong><em><span style=\"color: #008000;\">Dites-nous si \u00e7a vous convient, nous serons heureuses et heureux de vous accueillir \ud83e\udd89<br \/>\n<\/span><\/em><\/strong><\/p>\n","protected":false},"excerpt":{"rendered":"<p>\ud83c\udfb6 \ud83c\udfb9 \ud83c\udfba \ud83c\udfbc \ud83c\udfbb \ud83e\udd41 \ud83c\udfa4 \ud83e\ude9a&nbsp; \ud83c\udfb7&nbsp; \ud83e\ude97&nbsp; \ud83c\udfb8&nbsp; \ud83c\udfb5 SCOPS est un lieu associatif, autog\u00e9r\u00e9 et autofinanc\u00e9 [&hellip;]<\/p>\n","protected":false},"author":1,"featured_media":0,"parent":0,"menu_order":0,"comment_status":"closed","ping_status":"closed","template":"","meta":{"site-sidebar-layout":"default","site-content-layout":"","ast-site-content-layout":"","site-content-style":"default","site-sidebar-style":"default","ast-global-header-display":"","ast-banner-title-visibility":"","ast-main-header-display":"","ast-hfb-above-header-display":"","ast-hfb-below-header-display":"","ast-hfb-mobile-header-display":"","site-post-title":"","ast-breadcrumbs-content":"","ast-featured-img":"","footer-sml-layout":"","theme-transparent-header-meta":"","adv-header-id-meta":"","stick-header-meta":"","header-above-stick-meta":"","header-main-stick-meta":"","header-below-stick-meta":"","astra-migrate-meta-layouts":"default","ast-page-background-enabled":"default","ast-page-background-meta":{"desktop":{"background-color":"var(--ast-global-color-4)","background-image":"","background-repeat":"repeat","background-position":"center center","background-size":"auto","background-attachment":"scroll","background-type":"","background-media":"","overlay-type":"","overlay-color":"","overlay-opacity":"","overlay-gradient":""},"tablet":{"background-color":"","background-image":"","background-repeat":"repeat","background-position":"center center","background-size":"auto","background-attachment":"scroll","background-type":"","background-media":"","overlay-type":"","overlay-color":"","overlay-opacity":"","overlay-gradient":""},"mobile":{"background-color":"","background-image":"","background-repeat":"repeat","background-position":"center center","background-size":"auto","background-attachment":"scroll","background-type":"","background-media":"","overlay-type":"","overlay-color":"","overlay-opacity":"","overlay-gradient":""}},"ast-content-background-meta":{"desktop":{"background-color":"var(--ast-global-color-5)","background-image":"","background-repeat":"repeat","background-position":"center center","background-size":"auto","background-attachment":"scroll","background-type":"","background-media":"","overlay-type":"","overlay-color":"","overlay-opacity":"","overlay-gradient":""},"tablet":{"background-color":"var(--ast-global-color-5)","background-image":"","background-repeat":"repeat","background-position":"center center","background-size":"auto","background-attachment":"scroll","background-type":"","background-media":"","overlay-type":"","overlay-color":"","overlay-opacity":"","overlay-gradient":""},"mobile":{"background-color":"var(--ast-global-color-5)","background-image":"","background-repeat":"repeat","background-position":"center center","background-size":"auto","background-attachment":"scroll","background-type":"","background-media":"","overlay-type":"","overlay-color":"","overlay-opacity":"","overlay-gradient":""}},"ngg_post_thumbnail":0,"footnotes":""},"class_list":["post-2692","page","type-page","status-publish","hentry"],"_links":{"self":[{"href":"https:\/\/www.scops.casa\/en\/wp-json\/wp\/v2\/pages\/2692","targetHints":{"allow":["GET"]}}],"collection":[{"href":"https:\/\/www.scops.casa\/en\/wp-json\/wp\/v2\/pages"}],"about":[{"href":"https:\/\/www.scops.casa\/en\/wp-json\/wp\/v2\/types\/page"}],"author":[{"embeddable":true,"href":"https:\/\/www.scops.casa\/en\/wp-json\/wp\/v2\/users\/1"}],"replies":[{"embeddable":true,"href":"https:\/\/www.scops.casa\/en\/wp-json\/wp\/v2\/comments?post=2692"}],"version-history":[{"count":30,"href":"https:\/\/www.scops.casa\/en\/wp-json\/wp\/v2\/pages\/2692\/revisions"}],"predecessor-version":[{"id":3280,"href":"https:\/\/www.scops.casa\/en\/wp-json\/wp\/v2\/pages\/2692\/revisions\/3280"}],"wp:attachment":[{"href":"https:\/\/www.scops.casa\/en\/wp-json\/wp\/v2\/media?parent=2692"}],"curies":[{"name":"wp","href":"https:\/\/api.w.org\/{rel}","templated":true}]}}