{"id":14,"date":"2014-07-13T08:49:12","date_gmt":"2014-07-13T07:49:12","guid":{"rendered":"http:\/\/spamspam.net\/?page_id=14"},"modified":"2025-09-23T13:10:11","modified_gmt":"2025-09-23T11:10:11","slug":"agenda","status":"publish","type":"page","link":"https:\/\/www.scops.casa\/en\/agenda\/","title":{"rendered":"Planning"},"content":{"rendered":"<p class=\"has-text-align-center\"><span style=\"color: #800080;\"><strong>SCOPS<\/strong><\/span> opens its doors during certain regular hours as well as for one-off events\/workshops.<br>It also happens that SCOPS opens spontaneously. To check, call our landline: <strong><span style=\"color: #800080;\">09 54 68 06 07<\/span><\/strong>.<br>In case of cancellation, we will reflect the changes here. <em>as quickly as possible<\/em><\/p>\n\n\n\n<p class=\"has-text-align-center\">&quot;\u00a0<strong>Reserve<\/strong>\u00a0\u00bb indicates that a time slot is already reserved by a private activity, the premises are closed to the public (times visible by hovering over the word).<br>You can filter events using the \u201c<strong>Categories<\/strong>\u201d<em><br><\/em><\/p>\n\n\n<p><div id=\"eo_fullcalendar_1_loading\" class=\"eo-fullcalendar-loading\" ><img decoding=\"async\" src=\"https:\/\/www.scops.casa\/wp-content\/plugins\/event-organiser\/css\/images\/loading-image.gif\" class=\"eo-fullcalendar-loading-icon\" alt=\"Loading&#8230;\" \/> Loading\u2026<\/div><div class=\"eo-fullcalendar eo-fullcalendar-shortcode eo-fullcalendar-reset eo-fullcalendar-responsive\" id=\"eo_fullcalendar_1\"><\/div><br \/>\n<a href=\"webcal:\/\/www.scops.casa\/en\/feed\/eo-events\/\" target=\"_blank\"  title=\"Diary Scops\"  > Subscribe to the Scops agenda (webcal) <\/a><br \/>\n<a href=\"https:\/\/www.google.com\/calendar\/render?cid=http%3A%2F%2Fwww.scops.casa%2Fen%2Ffeed%2Feo-events%2F\" target=\"_blank\"  title=\"Scops Google Calendar\"  > Subscribe to the Scops agenda (google) <\/a><\/p>","protected":false},"excerpt":{"rendered":"<p>SCOPS ouvre ses portes sur certains horaires r\u00e9guliers ainsi que pour des \u00e9v\u00e9nements\/ateliers ponctuels.Il arrive aussi que SCOPS ouvre spontan\u00e9ment. [&hellip;]<\/p>\n","protected":false},"author":1,"featured_media":0,"parent":0,"menu_order":0,"comment_status":"closed","ping_status":"closed","template":"","meta":{"site-sidebar-layout":"default","site-content-layout":"","ast-site-content-layout":"","site-content-style":"default","site-sidebar-style":"default","ast-global-header-display":"","ast-banner-title-visibility":"","ast-main-header-display":"","ast-hfb-above-header-display":"","ast-hfb-below-header-display":"","ast-hfb-mobile-header-display":"","site-post-title":"","ast-breadcrumbs-content":"","ast-featured-img":"","footer-sml-layout":"","theme-transparent-header-meta":"","adv-header-id-meta":"","stick-header-meta":"","header-above-stick-meta":"","header-main-stick-meta":"","header-below-stick-meta":"","astra-migrate-meta-layouts":"default","ast-page-background-enabled":"default","ast-page-background-meta":{"desktop":{"background-color":"var(--ast-global-color-4)","background-image":"","background-repeat":"repeat","background-position":"center center","background-size":"auto","background-attachment":"scroll","background-type":"","background-media":"","overlay-type":"","overlay-color":"","overlay-opacity":"","overlay-gradient":""},"tablet":{"background-color":"","background-image":"","background-repeat":"repeat","background-position":"center center","background-size":"auto","background-attachment":"scroll","background-type":"","background-media":"","overlay-type":"","overlay-color":"","overlay-opacity":"","overlay-gradient":""},"mobile":{"background-color":"","background-image":"","background-repeat":"repeat","background-position":"center center","background-size":"auto","background-attachment":"scroll","background-type":"","background-media":"","overlay-type":"","overlay-color":"","overlay-opacity":"","overlay-gradient":""}},"ast-content-background-meta":{"desktop":{"background-color":"var(--ast-global-color-5)","background-image":"","background-repeat":"repeat","background-position":"center center","background-size":"auto","background-attachment":"scroll","background-type":"","background-media":"","overlay-type":"","overlay-color":"","overlay-opacity":"","overlay-gradient":""},"tablet":{"background-color":"var(--ast-global-color-5)","background-image":"","background-repeat":"repeat","background-position":"center center","background-size":"auto","background-attachment":"scroll","background-type":"","background-media":"","overlay-type":"","overlay-color":"","overlay-opacity":"","overlay-gradient":""},"mobile":{"background-color":"var(--ast-global-color-5)","background-image":"","background-repeat":"repeat","background-position":"center center","background-size":"auto","background-attachment":"scroll","background-type":"","background-media":"","overlay-type":"","overlay-color":"","overlay-opacity":"","overlay-gradient":""}},"ngg_post_thumbnail":0,"footnotes":""},"class_list":["post-14","page","type-page","status-publish","hentry"],"_links":{"self":[{"href":"https:\/\/www.scops.casa\/en\/wp-json\/wp\/v2\/pages\/14","targetHints":{"allow":["GET"]}}],"collection":[{"href":"https:\/\/www.scops.casa\/en\/wp-json\/wp\/v2\/pages"}],"about":[{"href":"https:\/\/www.scops.casa\/en\/wp-json\/wp\/v2\/types\/page"}],"author":[{"embeddable":true,"href":"https:\/\/www.scops.casa\/en\/wp-json\/wp\/v2\/users\/1"}],"replies":[{"embeddable":true,"href":"https:\/\/www.scops.casa\/en\/wp-json\/wp\/v2\/comments?post=14"}],"version-history":[{"count":181,"href":"https:\/\/www.scops.casa\/en\/wp-json\/wp\/v2\/pages\/14\/revisions"}],"predecessor-version":[{"id":4671,"href":"https:\/\/www.scops.casa\/en\/wp-json\/wp\/v2\/pages\/14\/revisions\/4671"}],"wp:attachment":[{"href":"https:\/\/www.scops.casa\/en\/wp-json\/wp\/v2\/media?parent=14"}],"curies":[{"name":"wp","href":"https:\/\/api.w.org\/{rel}","templated":true}]}}